{"id":445,"date":"2020-03-07T10:02:57","date_gmt":"2020-03-07T13:02:57","guid":{"rendered":"http:\/\/expertisefinanceira.com\/?page_id=445"},"modified":"2020-03-07T10:05:08","modified_gmt":"2020-03-07T13:05:08","slug":"pos-venda-monitoria-e-formalizacao","status":"publish","type":"page","link":"https:\/\/expertisefinanceira.com\/?page_id=445","title":{"rendered":"P\u00f3s Venda, Monitoria e Formaliza\u00e7\u00e3o"},"content":{"rendered":"<ul>\n<li>Plataforma de An\u00e1lise Documental;<\/li>\n<li>A miss\u00e3o dessa c\u00e9lula \u00e9 garantir que a documenta\u00e7\u00e3o chegue em boas condi\u00e7\u00f5es para melhor an\u00e1lise da nossa esteira e dos Bancos parceiros;<\/li>\n<li>Acompanhamento de todas as etapas do processo da digita\u00e7\u00e3o at\u00e9 a integra\u00e7\u00e3o: P\u00f3s venda atuando com objetivo de melhorar a qualidade da opera\u00e7\u00e3o, minimizando poss\u00edveis atrasos e reclama\u00e7\u00f5es;<\/li>\n<li>100% das liga\u00e7\u00f5es s\u00e3o Gravadas: monitoramento e auditoria das grava\u00e7\u00f5es e acesso remoto pelos Bancos parceiros.<\/li>\n<li>Controle de integra\u00e7\u00e3o de propostas: zelo para agilizar o pagamento ao cliente e entrega dos prazos estabelecidos.<\/li>\n<\/ul>\n\n\n<figure class=\"wp-block-image\"><img loading=\"lazy\" width=\"810\" height=\"540\" src=\"http:\/\/expertisefinanceira.com\/wp-content\/uploads\/2020\/03\/processo.jpg\" alt=\"\" class=\"wp-image-448\" srcset=\"https:\/\/expertisefinanceira.com\/wp-content\/uploads\/2020\/03\/processo.jpg 810w, https:\/\/expertisefinanceira.com\/wp-content\/uploads\/2020\/03\/processo-300x200.jpg 300w, https:\/\/expertisefinanceira.com\/wp-content\/uploads\/2020\/03\/processo-768x512.jpg 768w\" sizes=\"(max-width: 810px) 100vw, 810px\" \/><\/figure>\n","protected":false},"excerpt":{"rendered":"<p>Plataforma de An\u00e1lise Documental; A miss\u00e3o dessa c\u00e9lula \u00e9 garantir que a documenta\u00e7\u00e3o chegue em boas condi\u00e7\u00f5es para melhor an\u00e1lise [&hellip;]<\/p>\n","protected":false},"author":1,"featured_media":0,"parent":0,"menu_order":0,"comment_status":"closed","ping_status":"closed","template":"","meta":[],"_links":{"self":[{"href":"https:\/\/expertisefinanceira.com\/index.php?rest_route=\/wp\/v2\/pages\/445"}],"collection":[{"href":"https:\/\/expertisefinanceira.com\/index.php?rest_route=\/wp\/v2\/pages"}],"about":[{"href":"https:\/\/expertisefinanceira.com\/index.php?rest_route=\/wp\/v2\/types\/page"}],"author":[{"embeddable":true,"href":"https:\/\/expertisefinanceira.com\/index.php?rest_route=\/wp\/v2\/users\/1"}],"replies":[{"embeddable":true,"href":"https:\/\/expertisefinanceira.com\/index.php?rest_route=%2Fwp%2Fv2%2Fcomments&post=445"}],"version-history":[{"count":2,"href":"https:\/\/expertisefinanceira.com\/index.php?rest_route=\/wp\/v2\/pages\/445\/revisions"}],"predecessor-version":[{"id":449,"href":"https:\/\/expertisefinanceira.com\/index.php?rest_route=\/wp\/v2\/pages\/445\/revisions\/449"}],"wp:attachment":[{"href":"https:\/\/expertisefinanceira.com\/index.php?rest_route=%2Fwp%2Fv2%2Fmedia&parent=445"}],"curies":[{"name":"wp","href":"https:\/\/api.w.org\/{rel}","templated":true}]}}