{"id":438,"date":"2020-03-07T09:53:51","date_gmt":"2020-03-07T12:53:51","guid":{"rendered":"http:\/\/expertisefinanceira.com\/?page_id=438"},"modified":"2020-03-07T18:23:35","modified_gmt":"2020-03-07T21:23:35","slug":"localizacao-de-clientes-telefonia","status":"publish","type":"page","link":"https:\/\/expertisefinanceira.com\/?page_id=438","title":{"rendered":"Telefonia e Localiza\u00e7\u00e3o de Clientes"},"content":{"rendered":"<ul>\n<li>Localiza\u00e7\u00e3o dos clientes atrav\u00e9s de plataforma de discagem integrada ao nosso sistema operacional;<\/li>\n<li>Enriquecimento de base;<\/li>\n<li>Estrat\u00e9gias de discagem mais eficientes, pois consideram filtros de neg\u00f3cio Consignado, tais como Banco proponente, taxas de ataque, saldo devedor e quaisquer outros disponibilizados pelo Banco parceiro;<\/li>\n<li>An\u00e1lise de Quartil de vendas x operadores<\/li>\n<li>\u00cdndice de localiza\u00e7\u00e3o =&gt; 75%<\/li>\n<li>Sistema de envio de SMS em lote;<\/li>\n<li>Liga\u00e7\u00f5es gravadas e armazenadas em servidores, para\u00a0 atender \u00e0s demandas dos Bancos parceiros;<\/li>\n<li>Plataforma para\u00a0 aloca\u00e7\u00e3o das grava\u00e7\u00f5es com acesso remoto pelo setor respons\u00e1vel dos Bancos parceiros:<\/li>\n<\/ul>\n\n\n<div class=\"wp-block-image\"><figure class=\"alignleft\"><img loading=\"lazy\" width=\"810\" height=\"540\" src=\"http:\/\/expertisefinanceira.com\/wp-content\/uploads\/2020\/03\/seguranca.jpg\" alt=\"\" class=\"wp-image-442\" srcset=\"https:\/\/expertisefinanceira.com\/wp-content\/uploads\/2020\/03\/seguranca.jpg 810w, https:\/\/expertisefinanceira.com\/wp-content\/uploads\/2020\/03\/seguranca-300x200.jpg 300w, https:\/\/expertisefinanceira.com\/wp-content\/uploads\/2020\/03\/seguranca-768x512.jpg 768w\" sizes=\"(max-width: 810px) 100vw, 810px\" \/><\/figure><\/div>\n","protected":false},"excerpt":{"rendered":"<p>Localiza\u00e7\u00e3o dos clientes atrav\u00e9s de plataforma de discagem integrada ao nosso sistema operacional; Enriquecimento de base; Estrat\u00e9gias de discagem mais [&hellip;]<\/p>\n","protected":false},"author":1,"featured_media":0,"parent":0,"menu_order":0,"comment_status":"closed","ping_status":"closed","template":"","meta":[],"_links":{"self":[{"href":"https:\/\/expertisefinanceira.com\/index.php?rest_route=\/wp\/v2\/pages\/438"}],"collection":[{"href":"https:\/\/expertisefinanceira.com\/index.php?rest_route=\/wp\/v2\/pages"}],"about":[{"href":"https:\/\/expertisefinanceira.com\/index.php?rest_route=\/wp\/v2\/types\/page"}],"author":[{"embeddable":true,"href":"https:\/\/expertisefinanceira.com\/index.php?rest_route=\/wp\/v2\/users\/1"}],"replies":[{"embeddable":true,"href":"https:\/\/expertisefinanceira.com\/index.php?rest_route=%2Fwp%2Fv2%2Fcomments&post=438"}],"version-history":[{"count":7,"href":"https:\/\/expertisefinanceira.com\/index.php?rest_route=\/wp\/v2\/pages\/438\/revisions"}],"predecessor-version":[{"id":508,"href":"https:\/\/expertisefinanceira.com\/index.php?rest_route=\/wp\/v2\/pages\/438\/revisions\/508"}],"wp:attachment":[{"href":"https:\/\/expertisefinanceira.com\/index.php?rest_route=%2Fwp%2Fv2%2Fmedia&parent=438"}],"curies":[{"name":"wp","href":"https:\/\/api.w.org\/{rel}","templated":true}]}}