{"id":121,"date":"2016-10-05T10:17:54","date_gmt":"2016-10-05T10:17:54","guid":{"rendered":"http:\/\/localhost\/flash-new\/?page_id=121"},"modified":"2020-03-07T09:14:54","modified_gmt":"2020-03-07T12:14:54","slug":"about","status":"publish","type":"page","link":"https:\/\/expertisefinanceira.com\/?page_id=121","title":{"rendered":"Quem somos"},"content":{"rendered":"<p>A <em><strong>Expertise<\/strong><\/em> surgiu em 2009 com o objetivo de tornar-se uma empresa refer\u00eancia no mercado de Consignado, com atua\u00e7\u00e3o 100% dedicada \u00e0 reten\u00e7\u00e3o de clientes.<\/p>\n<p><img loading=\"lazy\" class=\"size-medium wp-image-410 aligncenter\" src=\"http:\/\/expertisefinanceira.com\/wp-content\/uploads\/2020\/03\/reuniao-300x200.jpg\" alt=\"\" width=\"300\" height=\"200\" srcset=\"https:\/\/expertisefinanceira.com\/wp-content\/uploads\/2020\/03\/reuniao-300x200.jpg 300w, https:\/\/expertisefinanceira.com\/wp-content\/uploads\/2020\/03\/reuniao.jpg 626w\" sizes=\"(max-width: 300px) 100vw, 300px\" \/><\/p>\n<p>Com aproximadamente 25 anos de experi\u00eancia no ramo banc\u00e1rio e atuando especificamente no segmento Consignado desde 2000, seus s\u00f3cios tiveram oportunidade de atuar em todas as \u00e1reas da jornada do Consignado, alcan\u00e7ando posi\u00e7\u00f5es de lideran\u00e7a nas institui\u00e7\u00f5es financeiras por onde passaram, adquirindo experi\u00eancias fundamentais para constru\u00e7\u00e3o do alicerce e diferenciais da <em><strong>Expertise<\/strong><\/em> .<\/p>\n<p>\u00a0<\/p>\n\n<div id=\"pl-gb121-69ff117684bd9\"  class=\"panel-layout\" ><div id=\"pg-gb121-69ff117684bd9-0\"  class=\"panel-grid panel-no-style\" ><div id=\"pgc-gb121-69ff117684bd9-0-0\"  class=\"panel-grid-cell\" ><div id=\"panel-gb121-69ff117684bd9-0-0-0\" class=\"so-panel widget widget_themegrill_flash_portfolio tg-section feature-product-section panel-first-child panel-last-child\" data-index=\"0\" ><div class=\"tg-feature-product-layout-1 tg-feature-product-filter-layout\"><div class=\"tg-container\"><div class=\"grid\"><div class=\"tg-column-wrapper\"><div class=\"tg-feature-product-widget element-item uxdesign tg-column-3 portfolio \" data-category=\"portfolio \"><figure><img width=\"1280\" height=\"960\" src=\"https:\/\/expertisefinanceira.com\/wp-content\/uploads\/2016\/10\/WhatsApp-Image-2020-02-26-at-14.26.29-4.jpeg\" class=\"attachment-full size-full wp-post-image\" alt=\"\" loading=\"lazy\" srcset=\"https:\/\/expertisefinanceira.com\/wp-content\/uploads\/2016\/10\/WhatsApp-Image-2020-02-26-at-14.26.29-4.jpeg 1280w, https:\/\/expertisefinanceira.com\/wp-content\/uploads\/2016\/10\/WhatsApp-Image-2020-02-26-at-14.26.29-4-300x225.jpeg 300w, https:\/\/expertisefinanceira.com\/wp-content\/uploads\/2016\/10\/WhatsApp-Image-2020-02-26-at-14.26.29-4-768x576.jpeg 768w, https:\/\/expertisefinanceira.com\/wp-content\/uploads\/2016\/10\/WhatsApp-Image-2020-02-26-at-14.26.29-4-1024x768.jpeg 1024w\" sizes=\"(max-width: 1280px) 100vw, 1280px\" \/><\/figure><div class=\"featured-image-desc\"><span><a href=\"https:\/\/expertisefinanceira.com\/?portfolio=smart-gadget\"><i class=\"fa fa-plus\"><\/i><\/a><\/span><div class=\"feature-inner-block\"><h3 class=\"feature-title-wrap\"><a href=\"https:\/\/expertisefinanceira.com\/?portfolio=smart-gadget\">Estrutura<\/a><\/h3><h4 class=\"feature-desc-wrap\">Ambientes separados por cliente, opera\u00e7\u00e3o ou c\u00e9lula<\/h4><\/div><\/div><\/div><div class=\"tg-feature-product-widget element-item uxdesign tg-column-3 portfolio \" data-category=\"portfolio \"><figure><img width=\"1280\" height=\"960\" src=\"https:\/\/expertisefinanceira.com\/wp-content\/uploads\/2016\/10\/WhatsApp-Image-2020-02-26-at-14.26.29-1.jpeg\" class=\"attachment-full size-full wp-post-image\" alt=\"\" loading=\"lazy\" srcset=\"https:\/\/expertisefinanceira.com\/wp-content\/uploads\/2016\/10\/WhatsApp-Image-2020-02-26-at-14.26.29-1.jpeg 1280w, https:\/\/expertisefinanceira.com\/wp-content\/uploads\/2016\/10\/WhatsApp-Image-2020-02-26-at-14.26.29-1-300x225.jpeg 300w, https:\/\/expertisefinanceira.com\/wp-content\/uploads\/2016\/10\/WhatsApp-Image-2020-02-26-at-14.26.29-1-768x576.jpeg 768w, https:\/\/expertisefinanceira.com\/wp-content\/uploads\/2016\/10\/WhatsApp-Image-2020-02-26-at-14.26.29-1-1024x768.jpeg 1024w\" sizes=\"(max-width: 1280px) 100vw, 1280px\" \/><\/figure><div class=\"featured-image-desc\"><span><a href=\"https:\/\/expertisefinanceira.com\/?portfolio=iphone-gadget\"><i class=\"fa fa-plus\"><\/i><\/a><\/span><div class=\"feature-inner-block\"><h3 class=\"feature-title-wrap\"><a href=\"https:\/\/expertisefinanceira.com\/?portfolio=iphone-gadget\">Backoffice<\/a><\/h3><h4 class=\"feature-desc-wrap\">Equipes de Backoffice Digital e F\u00edsico<\/h4><\/div><\/div><\/div><div class=\"tg-feature-product-widget element-item uxdesign tg-column-3 portfolio \" data-category=\"portfolio \"><figure><img width=\"1280\" height=\"960\" src=\"https:\/\/expertisefinanceira.com\/wp-content\/uploads\/2016\/10\/WhatsApp-Image-2020-02-26-at-14.26.29-2.jpeg\" class=\"attachment-full size-full wp-post-image\" alt=\"\" loading=\"lazy\" srcset=\"https:\/\/expertisefinanceira.com\/wp-content\/uploads\/2016\/10\/WhatsApp-Image-2020-02-26-at-14.26.29-2.jpeg 1280w, https:\/\/expertisefinanceira.com\/wp-content\/uploads\/2016\/10\/WhatsApp-Image-2020-02-26-at-14.26.29-2-300x225.jpeg 300w, https:\/\/expertisefinanceira.com\/wp-content\/uploads\/2016\/10\/WhatsApp-Image-2020-02-26-at-14.26.29-2-768x576.jpeg 768w, https:\/\/expertisefinanceira.com\/wp-content\/uploads\/2016\/10\/WhatsApp-Image-2020-02-26-at-14.26.29-2-1024x768.jpeg 1024w\" sizes=\"(max-width: 1280px) 100vw, 1280px\" \/><\/figure><div class=\"featured-image-desc\"><span><a href=\"https:\/\/expertisefinanceira.com\/?portfolio=hero-gadget\"><i class=\"fa fa-plus\"><\/i><\/a><\/span><div class=\"feature-inner-block\"><h3 class=\"feature-title-wrap\"><a href=\"https:\/\/expertisefinanceira.com\/?portfolio=hero-gadget\">Gente<\/a><\/h3><h4 class=\"feature-desc-wrap\">Um verdadeiro time, orientado a resultado e apaixonado por oferecer a melhor experi\u00eancia ao cliente<\/h4><\/div><\/div><\/div><\/div><!-- \/.tg-column-wrapper--><\/div><!-- \/.grid --><\/div><!-- \/.tg-container --><\/div><!-- \/.layout div --><\/div><\/div><\/div><\/div>","protected":false},"excerpt":{"rendered":"<p>A Expertise surgiu em 2009 com o objetivo de tornar-se uma empresa refer\u00eancia no mercado de Consignado, com atua\u00e7\u00e3o 100% [&hellip;]<\/p>\n","protected":false},"author":1,"featured_media":410,"parent":0,"menu_order":0,"comment_status":"closed","ping_status":"closed","template":"","meta":[],"_links":{"self":[{"href":"https:\/\/expertisefinanceira.com\/index.php?rest_route=\/wp\/v2\/pages\/121"}],"collection":[{"href":"https:\/\/expertisefinanceira.com\/index.php?rest_route=\/wp\/v2\/pages"}],"about":[{"href":"https:\/\/expertisefinanceira.com\/index.php?rest_route=\/wp\/v2\/types\/page"}],"author":[{"embeddable":true,"href":"https:\/\/expertisefinanceira.com\/index.php?rest_route=\/wp\/v2\/users\/1"}],"replies":[{"embeddable":true,"href":"https:\/\/expertisefinanceira.com\/index.php?rest_route=%2Fwp%2Fv2%2Fcomments&post=121"}],"version-history":[{"count":3,"href":"https:\/\/expertisefinanceira.com\/index.php?rest_route=\/wp\/v2\/pages\/121\/revisions"}],"predecessor-version":[{"id":417,"href":"https:\/\/expertisefinanceira.com\/index.php?rest_route=\/wp\/v2\/pages\/121\/revisions\/417"}],"wp:featuredmedia":[{"embeddable":true,"href":"https:\/\/expertisefinanceira.com\/index.php?rest_route=\/wp\/v2\/media\/410"}],"wp:attachment":[{"href":"https:\/\/expertisefinanceira.com\/index.php?rest_route=%2Fwp%2Fv2%2Fmedia&parent=121"}],"curies":[{"name":"wp","href":"https:\/\/api.w.org\/{rel}","templated":true}]}}